{"id":2,"date":"2021-05-07T05:54:01","date_gmt":"2021-05-07T05:54:01","guid":{"rendered":"https:\/\/casinoargentreel.ca\/bitcoin\/?page_id=2"},"modified":"2021-05-26T10:45:00","modified_gmt":"2021-05-26T10:45:00","slug":"sample-page","status":"publish","type":"page","link":"https:\/\/casinoargentreel.ca\/bitcoin\/","title":{"rendered":"Les Bitcoin Casinos au Canada \u2013 Une Alternative Majeure"},"content":{"rendered":"\n<p>Nous sommes arriv\u00e9s dans la deuxi\u00e8me r\u00e9volution des jeux de casinos en ligne au Canada. D\u00e9j\u00e0, depuis les ann\u00e9es 2000, les maisons de jeux en ligne ont permis de faire \u00e9voluer consid\u00e9rablement les habitudes des joueurs. Dans un premier temps, un des challenges de ces entreprises \u00e9tait de faire comprendre qu\u2019il \u00e9tait possible de jouer en toute s\u00e9curit\u00e9 sur leurs plateformes. <a href=\"https:\/\/casinoargentreel.ca\/bitcoin\/2021\/05\/26\/historique\/\" title=\"https:\/\/casinoargentreel.ca\/bitcoin\/2021\/05\/26\/historique\/\">Avec l\u2019arriv\u00e9e du Bitcoin en 2009<\/a>, il aura fallu une bonne dizaine d\u2019ann\u00e9es pour faire comprendre aux joueurs que les crypto monnaies avaient toute leur place comme moyen de paiement.<\/p>\n\n\n\n<h2 class=\"wp-block-heading\">Jouer avec vos Bitcoins, plus qu\u2019une alternative&#8230; Vous pouvez maintenant \u00eatre serein et en toute s\u00e9curit\u00e9.<\/h2>\n\n\n\n<p>Un des plus gros challenges pour cette industrie a \u00e9t\u00e9 de faire accepter que leurs plateformes \u00e9taient s\u00e9curis\u00e9es. Souvenez-vous, les paiements avec des codes envoy\u00e9s sur vos cellulaires, des antivirus hors de prix qui ralentissaient votre ordinateur\u2026<\/p>\n\n\n\n<p>Heureusement, avec l\u2019arriv\u00e9e du https la situation a pu \u00e9voluer vers plus de s\u00e9curit\u00e9 <a href=\"\/\">pour votre argent r\u00e9el<\/a>. Les casinos en ligne ont aussi r\u00e9ussi \u00e0 \u00eatre plus transparents avec leurs joueurs, en expliquant toutes leurs d\u00e9marches plus clairement.<\/p>\n\n\n\n<h2 class=\"wp-block-heading\">Le Bitcoin, une \u00e9volution logique<\/h2>\n\n\n\n<p>Finalement, alors que cette monnaie \u00e9lectronique est devenue de plus en plus utilis\u00e9e, il \u00e9tait normal qu\u2019elle soit utilis\u00e9e dans les casinos en ligne comme moyen de paiement. Par essence, le Bitcoin permet deux choses&nbsp;:<\/p>\n\n\n\n<ul class=\"wp-block-list\"><li>La s\u00e9curit\u00e9. Avec les derni\u00e8res technologies de cryptage, cette monnaie est quasi impossible \u00e0 subtiliser. En fait, c\u2019est une question d\u2019existence pour celle-ci car la moindre br\u00e8che pourrait entamer le nombre d\u2019utilisateurs et donc de son cours. La \u00ab\u00a0<a href=\"https:\/\/casinoargentreel.ca\/bitcoin\/2021\/05\/19\/faq\/\" title=\"https:\/\/casinoargentreel.ca\/bitcoin\/2021\/05\/19\/faq\/\">blockchain<\/a>\u00a0\u00bb (<a href=\"https:\/\/fr.wikipedia.org\/wiki\/Blockchain\">https:\/\/fr.wikipedia.org\/wiki\/Blockchain<\/a>) est une des plus performantes et s\u00fbres du march\u00e9.<\/li><li>Rester anonyme. Pour beaucoup de personnes, cette condition est primordiale car ici il ne s\u2019agit pas seulement de votre dr\u00f4le de pseudo. Dans un sch\u00e9ma classique, votre banque poss\u00e8de absolument toutes vos informations personnelles\u2026 Bien s\u00fbr, en th\u00e9orie, celles-ci sont tout \u00e0 fait en s\u00e9curit\u00e9.<\/li><\/ul>\n\n\n\n<h2 class=\"wp-block-heading\">Quelques interrogations sur ces plateformes<\/h2>\n\n\n\n<p>Avant ce que nous avons appel\u00e9 la \u00ab\u00a0r\u00e9volution\u00a0\u00bb du Bitcoin pour les casinos en ligne canadiens, il est vrai que ce march\u00e9 de niche \u00e9tait particuli\u00e8rement \u00e9trange. Beaucoup de casinos, implant\u00e9s dans le monde dans des endroits \u00e9tranges proposaient depuis longtemps des jeux en ligne, avec la possibilit\u00e9 de payer en Bitcoin ou <a href=\"https:\/\/casinoargentreel.ca\/bitcoin\/2021\/05\/19\/ethereum\/\" title=\"https:\/\/casinoargentreel.ca\/bitcoin\/2021\/05\/19\/ethereum\/\">Ethereum<\/a>. Malheureusement, au d\u00e9but et au milieu des ann\u00e9es 2010, il \u00e9tait fr\u00e9quent d\u2019entendre toute sortes d\u2019histoires plus ou moins graves sur les pratiques de ces maisons de jeux. N\u2019oubliez pas ce que nous vous avions dit dans d\u2019autres articles sur les points \u00e0 noter lorsque l\u2019on d\u00e9cide de s\u2019inscrire sur une nouvelle plateforme\u00a0:<\/p>\n\n\n\n<ul class=\"wp-block-list\"><li>Aller lire les avis la concernant, en regardant quelles ont \u00e9t\u00e9 les exp\u00e9riences d\u2019autres utilisateurs.<\/li><li>Se renseigner sur les certifications et\/ou les avis provinciaux ou gouvernementaux sur celle-ci.<\/li><li><a href=\"https:\/\/casinoargentreel.ca\/bitcoin\/2021\/05\/24\/deposer\/\" title=\"https:\/\/casinoargentreel.ca\/bitcoin\/2021\/05\/24\/deposer\/\">Regarder les modes de d\u00e9p\u00f4ts qui sont accept\u00e9s<\/a>.<\/li><li>Et surtout regarder les d\u00e9lais de retrait lorsque l\u2019on veut r\u00e9cup\u00e9rer l\u2019argent. Cette information est pour nous toujours tr\u00e8s r\u00e9v\u00e9latrice. En effet, elle permet de voir tout de suite le s\u00e9rieux d\u2019une entreprise. Un d\u00e9lai trop long montrera qu\u2019elle cherche \u00e0 faire toutes sortes d\u2019op\u00e9rations financi\u00e8res dans votre dos. Nous vous conseillons donc la plus grande prudence.<\/li><\/ul>\n\n\n\n<p>Un des probl\u00e8mes avec le Bitcoin est que lorsque vous rencontrez une difficult\u00e9, il est tr\u00e8s difficile voire impossible de r\u00e9cup\u00e9rer son argent. Rien que cette phrase devrait vous faire r\u00e9fl\u00e9chir avant de vous inscrire. Heureusement, <a href=\"\/\">CasinoArgentReel.ca<\/a> est l\u00e0 et a trouv\u00e9 pour vous deux casinos qui vous permettront de jouer sans penser \u00e0 ces inconv\u00e9nients\u00a0: <a href=\"https:\/\/casinoargentreel.ca\/bitcoin\/2021\/05\/19\/playamo\/\" title=\"https:\/\/casinoargentreel.ca\/bitcoin\/2021\/05\/19\/playamo\/\">Playamo<\/a> et <a href=\"https:\/\/casinoargentreel.ca\/bitcoin\/2021\/05\/26\/321\/\" title=\"https:\/\/casinoargentreel.ca\/bitcoin\/2021\/05\/26\/321\/\">321cryptocasino.com<\/a>.<\/p>\n\n\n\n<h2 class=\"wp-block-heading\">Et les bonus et avantages alors&nbsp;? Quid du Canada&nbsp;?<\/h2>\n\n\n\n<p>Vous le savez, une de nos grandes sp\u00e9cialit\u00e9s est de trouver les meilleures offres promotionnelles des casinos en ligne. Il existe d\u2019ailleurs deux types de bonus, ceux d\u2019inscription et ceux de fid\u00e9lit\u00e9.<\/p>\n\n\n\n<p>Les casinos en ligne qui acceptent les Bitcoins ne sont pas encore une fois en reste&nbsp;! Ils utilisent juste d\u2019autres mots pour vos donner toutes sortes d\u2019avantages afin d&rsquo;optimiser vos Bitcoins. En g\u00e9n\u00e9ral, on parle de jetons, ce qui d\u2019ailleurs permet de faire plaisir aux plus nostalgiques d\u2019entre nous qui aimons encore aller dans les casinos physiques.<\/p>\n\n\n\n<h2 class=\"wp-block-heading\">Les casinos en Bitcoins, aussi performants que les autres&nbsp;?<\/h2>\n\n\n\n<p>Encore une fois, la r\u00e9ponse \u00e0 cette question est bien s\u00fbr positive. Sur Playamo par exemple, l\u2019offre est pl\u00e9thorique et comparable aux poids lourds du jeu comme Royal Vegas. Avec des mini-jeux toujours plus dr\u00f4les comme le \u00ab&nbsp;lucky coin&nbsp;\u00bb, le \u00ab&nbsp;book of pyramids&nbsp;\u00bb ou les \u00ab&nbsp;gladiators&nbsp;\u00bb, vous aurez de quoi faire. Ainsi, vous ne perdrez rien en termes de gameplay. Tout cela ressemble fortement aux excellents jeux des plateformes de micro-gaming, si populaires depuis des ann\u00e9es.<\/p>\n\n\n\n<p>Un autre point qui n\u2019est pas souvent abord\u00e9 est celui des commissions du casino. Lors d\u2019une partie de blackjack ou de CRAPS, les commissions peuvent rapidement selon les marques \u00eatre importantes. Avec les casinos en Bitcoins, il est rare que celles-ci d\u00e9passent les 1%&nbsp;! Ce taux est tout simplement excellent et permet de contribuer \u00e0 la bonne r\u00e9putation et \u00e0 l\u2019honn\u00eatet\u00e9 de ces plateformes.&nbsp;<\/p>\n\n\n\n<h2 class=\"wp-block-heading\">Le Canada, un pays ami des crypto monnaies.<\/h2>\n\n\n\n<p>En fait, les deux mondes, celui des casinos en ligne et celui du Bitcoin \u00e9taient faits pour se rencontrer et travailler ensemble. D\u2019ailleurs, des pays avec des r\u00e9gulations strictes comme le Canada, avec des r\u00e8gles propres \u00e0 chaque province, sont en fait tout \u00e0 fait compatibles avec ce monde-l\u00e0.&nbsp;<\/p>\n\n\n\n<p>Le Canada a de toute fa\u00e7on \u00e9t\u00e9 depuis tr\u00e8s longtemps un pr\u00e9curseur en mati\u00e8re de monnaies et surtout de moyens de paiement. Alors que beaucoup de pays ne font quasiment confiance qu\u2019\u00e0 MasterCard ou Visa,<a href=\"https:\/\/casinoargentreel.ca\/bitcoin\/2021\/05\/24\/legal\/\" title=\"https:\/\/casinoargentreel.ca\/bitcoin\/2021\/05\/24\/legal\/\"> le Canada a toujours su se diff\u00e9rencier<\/a> avec des initiatives comme Interac. Ce moyen de paiement est maintenant largement utilis\u00e9 dans ce pays, alors que d\u2019autres parties du monde n\u2019en ont jamais entendu parler\u00a0!<\/p>\n\n\n\n<p>Nous pouvons donc en toute logique parler de situation gagnante-gagnante. En \u00e9tant accept\u00e9s, les meilleurs sites de casinos en ligne obtiennent plus de l\u00e9gitimit\u00e9, deviennent meilleurs et plus efficients. En bout de cha\u00eene, ce sont les utilisateurs qui sont r\u00e9compens\u00e9s et qui peuvent utiliser leurs Bitcoins autrement que pour faire de la sp\u00e9culation.<\/p>\n\n\n\n<p><\/p>\n","protected":false},"excerpt":{"rendered":"<p>Nous sommes arriv\u00e9s dans la deuxi\u00e8me r\u00e9volution des jeux de casinos en ligne au Canada. D\u00e9j\u00e0, depuis les ann\u00e9es 2000, les maisons de jeux en ligne ont permis de faire \u00e9voluer consid\u00e9rablement les habitudes des joueurs. Dans un premier temps, &hellip; <a class=\"more-link\" href=\"https:\/\/casinoargentreel.ca\/bitcoin\/\">Continue reading <span class=\"meta-nav\">&rarr;<\/span><\/a><\/p>\n","protected":false},"author":1,"featured_media":0,"parent":0,"menu_order":0,"comment_status":"closed","ping_status":"closed","template":"","meta":{"footnotes":""},"class_list":["post-2","page","type-page","status-publish","hentry"],"aioseo_notices":[],"_links":{"self":[{"href":"https:\/\/casinoargentreel.ca\/bitcoin\/wp-json\/wp\/v2\/pages\/2","targetHints":{"allow":["GET"]}}],"collection":[{"href":"https:\/\/casinoargentreel.ca\/bitcoin\/wp-json\/wp\/v2\/pages"}],"about":[{"href":"https:\/\/casinoargentreel.ca\/bitcoin\/wp-json\/wp\/v2\/types\/page"}],"author":[{"embeddable":true,"href":"https:\/\/casinoargentreel.ca\/bitcoin\/wp-json\/wp\/v2\/users\/1"}],"replies":[{"embeddable":true,"href":"https:\/\/casinoargentreel.ca\/bitcoin\/wp-json\/wp\/v2\/comments?post=2"}],"version-history":[{"count":0,"href":"https:\/\/casinoargentreel.ca\/bitcoin\/wp-json\/wp\/v2\/pages\/2\/revisions"}],"wp:attachment":[{"href":"https:\/\/casinoargentreel.ca\/bitcoin\/wp-json\/wp\/v2\/media?parent=2"}],"curies":[{"name":"wp","href":"https:\/\/api.w.org\/{rel}","templated":true}]}}